{"id":2,"date":"2014-02-03T13:09:39","date_gmt":"2014-02-03T12:09:39","guid":{"rendered":"http:\/\/kbogu.panel.szn.pl\/wordpress\/?page_id=2"},"modified":"2018-03-02T17:59:01","modified_gmt":"2018-03-02T16:59:01","slug":"przykladowa-strona","status":"publish","type":"page","link":"https:\/\/kbogu.panel.szn.pl\/wordpress\/przykladowa-strona\/","title":{"rendered":"O mnie"},"content":{"rendered":"<p style=\"text-align: justify;\"><a href=\"http:\/\/kbogu.panel.szn.pl\/wordpress\/wp-content\/uploads\/2016\/02\/BOGUSLAWSKI-MN7.jpg\" rel=\"attachment wp-att-41\"><img loading=\"lazy\" class=\"size-medium wp-image-41 alignleft\" src=\"http:\/\/kbogu.panel.szn.pl\/wordpress\/wp-content\/uploads\/2016\/02\/BOGUSLAWSKI-MN7-300x196.jpg\" alt=\"BOGUSLAWSKI MN7\" width=\"300\" height=\"196\" srcset=\"https:\/\/kbogu.panel.szn.pl\/wordpress\/wp-content\/uploads\/2016\/02\/BOGUSLAWSKI-MN7-300x196.jpg 300w, https:\/\/kbogu.panel.szn.pl\/wordpress\/wp-content\/uploads\/2016\/02\/BOGUSLAWSKI-MN7-768x501.jpg 768w, https:\/\/kbogu.panel.szn.pl\/wordpress\/wp-content\/uploads\/2016\/02\/BOGUSLAWSKI-MN7-1024x668.jpg 1024w\" sizes=\"(max-width: 300px) 100vw, 300px\" \/><\/a>Jestem pracownikiem <strong>Zachodniopomorskiego Uniwersytetu Technologicznego w Szczecinie<\/strong> (dawniej: <strong>Politechniki Szczecinskiej<\/strong>) <strong>Wydzia\u0142u Informatyki<\/strong> na etacie asystenta oraz dyrektorem<strong> Akademickiego Centrum Informatyki<\/strong> (ACI).<br \/>\nUkonczy\u0142em Technikum Mechaniczno Energetyczne w Szczecinie a tak\u017ce jestem absolwentem Wydzia\u0142u Elektrycznego Politechniki Szczeci\u0144skiej.<\/p>\n<p style=\"text-align: justify;\">Zawodowo interesuje mnie problematyka sieciowa.<\/p>\n<p style=\"text-align: justify;\">W latach 1987 &#8211; 1991 uczestniczy\u0142em w pracach naukowo &#8211; badawczych <strong>ZASK<\/strong> &#8211; Zachodniopomorska Akademicka Sie\u0107 Komputerowa w ramach ktorej zbudowalismy w\u0119ze\u0142 sieciowy oparty o procesor komunikacyjny <strong>82586<\/strong>. Opracowalismy w\u0142asne oprogramowanie sieciowe od najni\u017cszych warstw modelu ISO-OSI do warstwy transportowej (warstwa fizyczna, MAC, LLC, warstwa sieciowa i transportowa).<\/p>\n<p style=\"text-align: justify;\">W zespole projektowym stworzylismy Projekt <strong>Akademickiej Miejskiej Sieci Komputerowej w Szczecinie &#8211; AMSK<\/strong>. Sie\u0107 AMSK pierwotnie by\u0142a zbudowana w technologii ATM (Asynchronous Transfer Mode) w oparciu o urz\u0105dzenia firmy FORE SYSTEMS, tak\u017ce o urz\u0105dzenia firmy CISCO a nast\u0119pnie o urz\u0105dzenia JUNIPER. Przez kolejne lata sie\u0107 AMSK przechodzi\u0142a wiele zmian, modernizacji i proces\u00f3w rozbudowy. Jest to jedna z niewielu najnowoczesniejszych sieci komputerowych w Polsce i na swiecie. Uczestniczy\u0142em w wielu projektach inwestycyjnych i naukowych.<\/p>\n<p style=\"text-align: center;\"><div style=\"max-width: 700px; margin: 0 auto;\" class=\"ml-slider-3-7-0 metaslider metaslider-flex metaslider-29 ml-slider\">\n    \n    <div id=\"metaslider_container_29\">\n        <div id=\"metaslider_29\" class=\"flexslider\">\n            <ul class=\"slides\">\n                <li style=\"display: block; width: 100%;\" class=\"slide-30 ms-image\"><img src=\"https:\/\/kbogu.panel.szn.pl\/wordpress\/wp-content\/uploads\/2014\/02\/928783209-700x300.png\" height=\"300\" width=\"700\" alt=\"\" class=\"slider-29 slide-30\" \/><div class=\"caption-wrap\"><div class=\"caption\">PROJEKTY<\/div><\/div><\/li>\n                <li style=\"display: none; width: 100%;\" class=\"slide-31 ms-image\"><img src=\"https:\/\/kbogu.panel.szn.pl\/wordpress\/wp-content\/uploads\/2014\/02\/computerclass-420x180.jpg\" height=\"300\" width=\"700\" alt=\"\" class=\"slider-29 slide-31\" \/><div class=\"caption-wrap\"><div class=\"caption\">EDUKACJA<\/div><\/div><\/li>\n                <li style=\"display: none; width: 100%;\" class=\"slide-32 ms-image\"><img src=\"https:\/\/kbogu.panel.szn.pl\/wordpress\/wp-content\/uploads\/2014\/02\/4g-v2-700x300.jpg\" height=\"300\" width=\"700\" alt=\"\" class=\"slider-29 slide-32\" \/><div class=\"caption-wrap\"><div class=\"caption\">NAUKA<\/div><\/div><\/li>\n                <li style=\"display: none; width: 100%;\" class=\"slide-33 ms-image\"><img src=\"https:\/\/kbogu.panel.szn.pl\/wordpress\/wp-content\/uploads\/2014\/02\/AMSK-700x300.png\" height=\"300\" width=\"700\" alt=\"\" class=\"slider-29 slide-33\" \/><div class=\"caption-wrap\"><div class=\"caption\">AMSK<\/div><\/div><\/li>\n            <\/ul>\n        <\/div>\n        \n    <\/div>\n<\/div><\/p>\n<p>&nbsp;<\/p>\n<p><!--more--><\/p>\n<p>&nbsp;<\/p>\n<p><strong>dr in\u017c. <\/strong><strong>Krzysztof Bogus\u0142awski<\/strong><\/p>\n<p>Adiunkt Wydzia\u0142u Informatyki Politechniki Szczeci\u0144skiej<\/p>\n<p>Dyrektor Akademickiego Centrum Informatyki Politechniki Szczeci\u0144skiej<\/p>\n<p>&nbsp;<\/p>\n<p>Wykszta\u0142cenie<\/p>\n<table>\n<tbody>\n<tr>\n<td width=\"177\">2005<\/td>\n<td width=\"857\">Politechnika Warszawska, Wydzia\u0142 Elektroniki i Technik Informacyjnych<\/p>\n<p>doktor nauk technicznych w dziedzinie Telekomunikacji<\/td>\n<\/tr>\n<tr>\n<td width=\"177\">1981 \u2013 1987<\/td>\n<td width=\"857\">Politechnika Szczeci\u0144ska, Wydzia\u0142 Elektryczny<\/p>\n<p>magister in\u017cynier z zakresu Elektrotechniki<\/p>\n<p>Specjalno\u015b\u0107: Automatyka i metrologia elektryczna<\/td>\n<\/tr>\n<tr>\n<td width=\"177\">1976 \u2013 1981<\/td>\n<td width=\"857\">Technikum Mechaniczno Energetyczne w Szczecinie<\/td>\n<\/tr>\n<\/tbody>\n<\/table>\n<p>&nbsp;<\/p>\n<p>Przebieg pracy zawodowej<\/p>\n<table>\n<tbody>\n<tr>\n<td width=\"177\">1995 \u2013 do chwili obecnej<\/td>\n<td width=\"857\"><strong>Zachodniopomorski Uniwersytet Technologiczny w Szczecinie (dawna Politechnika Szczeci\u0144ska), Akademickie Centrum Informatyki<\/strong>,<\/p>\n<p>W 1995 roku powsta\u0142o Akademickie Centrum Informatyki \u2013 ACI, jako jednostka prowadz\u0105ca eksploatacj\u0119 i rozw\u00f3j AMSK, kt\u00f3rej kierowanie powierzono mojej osobie.<\/p>\n<p>W ramach ACI administrujemy szerokopasmow\u0105 sieci\u0105 AMSK z pr\u0119dko\u015bciami w rdzeniu 1\/10\u00a0Gbps, dost\u0119pem do sieci Internet oraz do naukowych zasob\u00f3w (Komputery Du\u017cej Mocy, sie\u0107 PIONIER, zasoby biblioteczne, us\u0142ugi sieciowe, dedykowane specjalistyczne aplikacje sieciowe, zdalne nauczanie, telemedycyna, wideo konferencje, multicasting itp.).<\/p>\n<p>Przez oko\u0142o 5 lat prowadzili\u015bmy g\u0142\u00f3wny szczeci\u0144ski serwisy informacyjne (miejski, wojew\u00f3dzki itp.) <a href=\"http:\/\/www.szczecin.pl\/\">www.szczecin.pl<\/a>, (obecnie www.szn.pl), a tak\u017ce wiele innych serwer\u00f3w WWW.<\/p>\n<p>Zdobyte do\u015bwiadczenie w administrowaniu sieci\u0105 miejsk\u0105 (AMSK), rozleg\u0142\u0105 (POL34\/622\/PIONIER), protoko\u0142\u00f3w TCP\/IP, IPX, ATM, transmisji \u015bwiat\u0142owodowej, xDSL, radioliniowej itp.<\/p>\n<p>W ramach konsorcjum PIONIER wykonywanych jest wiele projekt\u00f3w. G\u0142\u00f3wnymi projektami s\u0105 projekty zwi\u0105zane z obliczeniami du\u017cej mocy (GRID), a w szczeg\u00f3lno\u015bci projekt CLUSTERIX, kt\u00f3rego zadaniem jest utworzenie struktury sprz\u0119towo programowej metakomputera du\u017cej mocy rozproszonego w r\u00f3\u017cnych centrach akademickich po\u0142\u0105czonych sieci\u0105 PIONIER.<\/p>\n<p>Jestem tak\u017ce przedstawicielem Politechniki Szczeci\u0144skiej w dw\u00f3ch konsorcjach maj\u0105cych na celu wdra\u017canie i upowszechnianie zaawansowanych technologii informacyjnych w \u017cyciu spo\u0142ecznym i gospodarce.<\/p>\n<p>Jest to \u201eCentrum Zaawansowanych Technologii Informatycznych\u201d (CZTI) oraz \u201eCentrum Zaawansowanych Technologii &#8211; TIFORA\u201d.<\/p>\n<p>W ramach konsorcjum CZTI wyst\u0105pili\u015bmy z dwoma aplikacjami do programu SPO WKP dzia\u0142anie 1.4: (1) z projektem pt.: \u201eRozw\u00f3j przedsi\u0119biorczo\u015bci i wzrost innowacyjno\u015bci poprzez wzmocnienie instytucji otoczenia biznesu\u201d o \u0142\u0105cznej warto\u015bci ponad 9 milion\u00f3w z\u0142, (2) oraz z projektem \u201eLaboratorium Platform Us\u0142ug Nowej Generacji\u201d o \u0142\u0105cznej warto\u015bci\u00a0 ponad 3 miliony z\u0142. Projekty te oczekuj\u0105 w konkursie na rozpatrzenie.<\/p>\n<p>W latach 2004 \u2013 2005 uczestniczy\u0142em w prowadzonych pracach nad projektem regionalnej sieci teleinformatycznej ePOMERANIA, kt\u00f3rej celem by\u0142o zintegrowanie us\u0142ug i \u015brodk\u00f3w uczelnianych sieci komputerowych i AMSK oraz zapewnienie wysokiej jako\u015bci obs\u0142ugi dla administracji publicznej (samorz\u0105dowej i rz\u0105dowej) wojew\u00f3dztwa zachodniopomorskiego.<\/p>\n<p>Jednocze\u015bnie jako ACI samodzielnie wyst\u0105pili\u015bmy z trzema aplikacjami do programu ZPORR, priorytet 1.5, z czego dwa uzyska\u0142y dofinansowane i zosta\u0142y pomy\u015blnie zrealizowane w 2006 i 2007 roku: (1) projekt \u201eModernizacja AMSK\u201d na kwot\u0119 558 tys. z\u0142, (2) projekt \u201eBudowa \u0142\u0105cza teleinformatycznego pomi\u0119dzy PS a US (ul. Cukrowa)\u201d na kwot\u0119 336 tys. z\u0142,, (3) projekt \u201eBudowa platformy dla dostarczenia niezawodnych i nowoczesnych us\u0142ug teleinformatycznych w AMSK\u201d na kwot\u0119 514 tys. z\u0142, mimo pozytywnej oceny Panelu Ekspert\u00f3w nie uzyska\u0142 dofinansowania ze wzgl\u0119du na brak \u015brodk\u00f3w finansowych.<\/td>\n<\/tr>\n<tr>\n<td width=\"177\">1994 &#8211; do chwili obecnej<\/td>\n<td width=\"857\"><strong>Politechnika Szczeci\u0144ska, Wydzia\u0142 Techniki Morskiej, Instytut Informatyki\/ Wydzia\u0142 Informatyki<\/strong>,<\/p>\n<p>Od 1994 roku pracownik naukowo-dydaktyczny.<\/p>\n<p>W pracy dydaktycznej prowadz\u0119 zaj\u0119cia z przedmiot\u00f3w zwi\u0105zanych z teleinformatyk\u0105 na Wydziale Informatyki Politechniki Szczeci\u0144skiej. G\u0142\u00f3wne przedmioty, do kt\u00f3rych prowadz\u0119 wyk\u0142ady, a czasem \u0107wiczenia i laboratoria, to \u201eSieci komputerowe i telekomunikacyjne\u201d, \u201eSystemy operacyjne II\u201d (UNIX). Zaj\u0119cia s\u0105 prowadzone dla r\u00f3\u017cnych lat w zale\u017cno\u015bci od rodzaju studi\u00f3w.<\/p>\n<p>W dziedzinie naukowej interesuj\u0105 mnie zagadnienia zwi\u0105zane z sterowaniem ruchem w szerokopasmowych sieciach teleinformatycznych. Zajmowa\u0142em si\u0119 badaniem sieci ATM (Asynchronous Transfer Mode), a w szczeg\u00f3lno\u015bci wykorzystaniem ruchu ABR dla transmisji komputerowej. Z tego zakresu napisa\u0142em pod kierunkiem prof. W. Burakowskiego z Politechniki Warszawskiej prac\u0119 doktorsk\u0105 pt. \u201eMetody przyjmowania nowych po\u0142\u0105cze\u0144 ABR w technice ATM\u201d.<\/p>\n<p>Poprowadzi\u0142em wiele prac magisterskich z tej dziedziny, znaczna cz\u0119\u015b\u0107 z nich otrzyma\u0142a wyr\u00f3\u017cnienia. Jestem autorem wielu publikacji naukowych.<\/p>\n<p>Moje obecne zainteresowania naukowe to sieci nast\u0119pnej generacji NGN oraz sie\u0107 IP z gwarancj\u0105 obs\u0142ugi QoS IP.<\/td>\n<\/tr>\n<tr>\n<td width=\"177\">1994 \u2013 1995<\/td>\n<td width=\"857\"><strong>Politechnika Szczeci\u0144ska, Wydzia\u0142 Techniki Morskiej, Instytut Informatyki<\/strong>,<\/p>\n<p>Zesp\u00f3l projektowy Akademickiej Miejskiej Sieci Komputerowej \u2013 <strong>AMSK.<\/strong> W wyniku prac zespo\u0142u powsta\u0142 ponad 200-stronicowy projekt AMSK. Na bazie tego projektu zosta\u0142a zbudowana sie\u0107 AMSK w oparciu o transmisj\u0119 \u015bwiat\u0142owodow\u0105 w \u00f3wcze\u015bnie najnowszej technologii ATM.<\/td>\n<\/tr>\n<tr>\n<td width=\"177\">1991 \u2013 1994<\/td>\n<td width=\"857\"><strong>Bintec Computer Systeme GmbH<\/strong>,<\/p>\n<p>Wsp\u00f3\u0142tworzenie wieloplatformowego oprogramowania w systemie Unix do urz\u0105dze\u0144 telekomunikacyjnych niemieckiej firmy Bintec<\/td>\n<\/tr>\n<tr>\n<td width=\"177\">1988 \u2013 1991<\/td>\n<td width=\"857\"><strong>Politechnika Szczeci\u0144ska, Instytut Okr\u0119towy, Zak\u0142ad Automatyki i Teorii System\u00f3w<\/strong>,<\/p>\n<p>Projekt <strong>ZASK<\/strong> \u2013 Zachodniopomorska Akademicka Sie\u0107 Komputerowa. Stworzony zosta\u0142 prototyp urz\u0105dzenia transmisji danych wraz z oprogramowaniem sieciowym w modelu ISO-OSI od drugiej do czwartej warstwy.<\/p>\n<p>Opracowanie jednego z pierwszych polskich prototyp\u00f3w urz\u0105dze\u0144 typu bridge do transmisji Ethernet. Urz\u0105dzenia te by\u0142y zastosowane w lokalnej sieci komputerowej Politechniki Szczeci\u0144skiej do po\u0142\u0105czenia podsieci Novell r\u00f3\u017cnych Wydzia\u0142\u00f3w.<\/p>\n<p>Projektowanie i wdra\u017canie instalacji oraz aplikacji sieciowych.<\/p>\n<p>&nbsp;<\/td>\n<\/tr>\n<tr>\n<td width=\"177\">1987 \u2013 1988<\/td>\n<td width=\"857\"><strong>PpiTT \u2013 Okr\u0119gowy Urz\u0105d Telekomunikacji Mi\u0119dzymiastowej w Szczecinie<\/strong>,<\/p>\n<p>Sta\u017c i praca w zespole nowo uruchamianej centrali mi\u0119dzymiastowej (E10)<\/td>\n<\/tr>\n<\/tbody>\n<\/table>\n<p>&nbsp;<\/p>\n<p>Szczeg\u00f3lne osi\u0105gni\u0119cia<\/p>\n<table>\n<tbody>\n<tr>\n<td width=\"177\">2007 &#8211;\u00a0 do chwili obecnej<\/td>\n<td width=\"857\"><strong>Dzia\u0142ania na rzecz Spo\u0142ecze\u0144stwa Informacyjnego<\/strong><\/p>\n<p><strong>Zachodniopomorska Rada Spo\u0142ecze\u0144stwa Informacyjnego<\/strong> \u2013 dnia 08.11.2007 Marsza\u0142ek Wojew\u00f3dztwa Zachodniopomorskiego powo\u0142a\u0142 Zachodniopomorsk\u0105 Rad\u0119 Spo\u0142ecze\u0144stwa Informacyjnego i powierzy\u0142 mojej osobie misj\u0119 przewodniczenia tej Radzie. Misj\u0105 Rady jest propagowanie idei spo\u0142ecze\u0144stwa informacyjnego przez wspomaganie jego rozwoju oraz gospodarki wiedzy w regionie w latach 2007-2015 z wykorzystaniem innowacyjnego potencja\u0142u sektora prywatnego i badawczo-rozwojowego oraz \u015brodk\u00f3w finansowych lub instrument\u00f3w Regionalnego Programu Operacyjnego<\/p>\n<p>Przy Konwencie Marsza\u0142k\u00f3w Wojew\u00f3dztw RP zosta\u0142 powo\u0142any <strong>Zesp\u00f3\u0142 ds. Spo\u0142ecze\u0144stwa Informacyjnego, <\/strong>w kt\u00f3rym zasiadam jako przedstawiciel Wojew\u00f3dztwa Zachodniopomorskiego. Misj\u0105 Zespo\u0142u jest wspieranie Marsza\u0142k\u00f3w w dziedzinie IT oraz prowadzenie wsp\u00f3lnych polityk rozwoju SI w regionach oraz odpowiednie oddzia\u0142ywanie na w\u0142adze centralne w kwestii rozwi\u0105za\u0144 ICT dla administracji publicznej.<\/p>\n<p>Prace zwi\u0105zane z budow\u0105 <strong>Zachodniopomorskiej Szerokopasmowej Sieci Teleinformatycznej<\/strong> dla mieszka\u0144c\u00f3w i administracji. Projekt zak\u0142ada budow\u0119 infrastruktury, us\u0142ug i aplikacji niezb\u0119dnych dla rozwoju SI w naszym regionie, a realizowany b\u0119dzie ze \u015brodk\u00f3w Regionalnego Programu Operacyjnego (o\u015b III).<\/td>\n<\/tr>\n<tr>\n<td width=\"177\">2005<\/td>\n<td width=\"857\">Wsp\u00f3\u0142autorstwo w opracowaniu \u201eStrategii Budowy Spo\u0142ecze\u0144stwa Informacyjnego w Wojew\u00f3dztwie Zachodniopomorskim na lata 2006 \u2013 2015\u201d.<\/td>\n<\/tr>\n<\/tbody>\n<\/table>\n<p>&nbsp;<\/p>\n<p>Znajomo\u015b\u0107 j\u0119zyk\u00f3w<\/p>\n<table>\n<tbody>\n<tr>\n<td width=\"206\">j\u0119zyk angielski<\/td>\n<td width=\"829\">komunikatywny<\/td>\n<\/tr>\n<tr>\n<td width=\"206\">j\u0119zyk niemiecki<\/td>\n<td width=\"829\">biernie<\/td>\n<\/tr>\n<tr>\n<td width=\"206\">j\u0119zyk rosyjski<\/td>\n<td width=\"829\">biernie<\/td>\n<\/tr>\n<\/tbody>\n<\/table>\n<p>&nbsp;<\/p>\n<p>Zdobyte Certyfikaty i Szkolenia<\/p>\n<table width=\"1042\">\n<tbody>\n<tr>\n<td width=\"163\">2007<\/td>\n<td width=\"581\">CISCO Cerified Network Associate \u2013 CCNA<\/td>\n<td width=\"298\">CISCO Systems, Inc.<\/td>\n<\/tr>\n<tr>\n<td width=\"163\">2003<\/td>\n<td width=\"581\">CISCO Certified Academy Instructor<\/td>\n<td width=\"298\">CISCO Systems, Inc.<\/td>\n<\/tr>\n<tr>\n<td width=\"163\">2002<\/td>\n<td width=\"581\">CISCO Cerified Network Associate \u2013 CCNA<\/td>\n<td width=\"298\">CISCO Systems, Inc.<\/td>\n<\/tr>\n<tr>\n<td width=\"163\">2000<\/td>\n<td width=\"581\">922 Supporting Microsoft Windows NT 4.0 \u2013 Core Technologies<\/td>\n<td width=\"298\">Microsoft<\/td>\n<\/tr>\n<tr>\n<td width=\"163\">1999<\/td>\n<td width=\"581\">Telekomunikacyjne techniki \u015bwiat\u0142owodowe<\/td>\n<td width=\"298\">Cellco Communications<\/td>\n<\/tr>\n<tr>\n<td width=\"163\">1997<\/td>\n<td width=\"581\">Administrator Sieci Lokalnej<\/td>\n<td width=\"298\">ATM Sp. Z o.o.<\/td>\n<\/tr>\n<tr>\n<td width=\"163\">1997<\/td>\n<td width=\"581\">Zaawansowane elementy konfigurowania router\u00f3w CISCO Systems<\/td>\n<td width=\"298\">Solidex ltd.<\/td>\n<\/tr>\n<tr>\n<td width=\"163\">1996<\/td>\n<td width=\"581\">SNMP Managed Products<\/td>\n<td width=\"298\">Allied Telesyn International<\/td>\n<\/tr>\n<\/tbody>\n<\/table>\n<p>&nbsp;<\/p>\n<p>&nbsp;<\/p>\n<p>&nbsp;<\/p>\n","protected":false},"excerpt":{"rendered":"<p>Jestem pracownikiem Zachodniopomorskiego Uniwersytetu Technologicznego w Szczecinie (dawniej: Politechniki Szczecinskiej) Wydzia\u0142u Informatyki na etacie asystenta oraz dyrektorem Akademickiego Centrum Informatyki (ACI). Ukonczy\u0142em Technikum Mechaniczno Energetyczne w Szczecinie a tak\u017ce jestem absolwentem Wydzia\u0142u Elektrycznego Politechniki Szczeci\u0144skiej. Zawodowo interesuje mnie problematyka sieciowa. W latach 1987 &#8211; 1991 uczestniczy\u0142em w pracach naukowo &#8211; badawczych ZASK &#8211; Zachodniopomorska Akademicka &#8230; <a title=\"O mnie\" class=\"read-more\" href=\"https:\/\/kbogu.panel.szn.pl\/wordpress\/przykladowa-strona\/\">Czytaj dalej<span class=\"screen-reader-text\">O mnie<\/span><\/a><\/p>\n","protected":false},"author":1,"featured_media":0,"parent":0,"menu_order":1,"comment_status":"closed","ping_status":"closed","template":"","meta":[],"_links":{"self":[{"href":"https:\/\/kbogu.panel.szn.pl\/wordpress\/wp-json\/wp\/v2\/pages\/2"}],"collection":[{"href":"https:\/\/kbogu.panel.szn.pl\/wordpress\/wp-json\/wp\/v2\/pages"}],"about":[{"href":"https:\/\/kbogu.panel.szn.pl\/wordpress\/wp-json\/wp\/v2\/types\/page"}],"author":[{"embeddable":true,"href":"https:\/\/kbogu.panel.szn.pl\/wordpress\/wp-json\/wp\/v2\/users\/1"}],"replies":[{"embeddable":true,"href":"https:\/\/kbogu.panel.szn.pl\/wordpress\/wp-json\/wp\/v2\/comments?post=2"}],"version-history":[{"count":14,"href":"https:\/\/kbogu.panel.szn.pl\/wordpress\/wp-json\/wp\/v2\/pages\/2\/revisions"}],"predecessor-version":[{"id":110,"href":"https:\/\/kbogu.panel.szn.pl\/wordpress\/wp-json\/wp\/v2\/pages\/2\/revisions\/110"}],"wp:attachment":[{"href":"https:\/\/kbogu.panel.szn.pl\/wordpress\/wp-json\/wp\/v2\/media?parent=2"}],"curies":[{"name":"wp","href":"https:\/\/api.w.org\/{rel}","templated":true}]}}